{"id":2052,"date":"2023-12-16T09:44:51","date_gmt":"2023-12-16T12:44:51","guid":{"rendered":"http:\/\/artereciclada.com.br\/?page_id=2052"},"modified":"2024-08-09T15:47:10","modified_gmt":"2024-08-09T18:47:10","slug":"politica-de-privacidade-e-termos-de-uso","status":"publish","type":"page","link":"https:\/\/apple-time.com\/de\/politica-de-privacidade-e-termos-de-uso\/","title":{"rendered":"Datenschutzrichtlinie"},"content":{"rendered":"<h2><span style=\"color: #444444;\">Datenschutzrichtlinie<\/span><\/h2>\n<p><span style=\"color: #444444;\">Ihre Privatsph\u00e4re ist uns wichtig. Es geh\u00f6rt zu den Richtlinien von Arte Reciclado, Ihre Privatsph\u00e4re in Bezug auf alle Informationen zu respektieren, die wir auf der Website sammeln. <a href=\"http:\/\/artereciclada.com.br\/\" target=\"_blank\" rel=\"noopener\">Recycelte Kunst<\/a>und andere Websites, die wir besitzen und betreiben.<\/span><\/p>\n<p><span style=\"color: #444444;\">Wir fordern personenbezogene Daten nur dann an, wenn wir sie wirklich ben\u00f6tigen, um Ihnen eine Dienstleistung bereitzustellen. Wir tun dies auf faire und legale Weise, mit Ihrem Wissen und Ihrer Zustimmung. Wir erkl\u00e4ren Ihnen auch, warum wir sie sammeln und wie sie verwendet werden.<\/span><\/p>\n<p><span style=\"color: #444444;\">Wir bewahren die erfassten Informationen nur so lange auf, wie es f\u00fcr die Bereitstellung der angeforderten Dienstleistung erforderlich ist. Wenn wir Daten speichern, sch\u00fctzen wir sie mit kommerziell akzeptablen Mitteln, um Verlust und Diebstahl sowie unbefugten Zugriff, unbefugte Offenlegung, Vervielf\u00e4ltigung, Verwendung oder \u00c4nderung zu verhindern.<\/span><\/p>\n<p><span style=\"color: #444444;\">Wir geben personenbezogene Daten nicht \u00f6ffentlich oder an Dritte weiter, es sei denn, dies ist gesetzlich vorgeschrieben.<\/span><\/p>\n<p><span style=\"color: #444444;\">Unsere Website kann Links zu externen Websites enthalten, die nicht von uns betrieben werden. Bitte beachten Sie, dass wir keine Kontrolle \u00fcber den Inhalt und die Praktiken dieser Websites haben und keine Verantwortung daf\u00fcr \u00fcbernehmen k\u00f6nnen\u00a0<\/span><a style=\"background-color: transparent; color: #444444;\" href=\"https:\/\/politicaprivacidade.com\/\" target=\"_blank\" rel=\"noopener noreferrer\">Datenschutzrichtlinien<\/a><span style=\"color: #444444;\">.<\/span><\/p>\n<p><span style=\"color: #444444;\">Es steht Ihnen frei, unsere Anfrage nach Ihren pers\u00f6nlichen Daten abzulehnen, mit der Ma\u00dfgabe, dass wir Ihnen m\u00f6glicherweise einige der von Ihnen gew\u00fcnschten Dienstleistungen nicht anbieten k\u00f6nnen.<\/span><\/p>\n<p><span style=\"color: #444444;\">Ihre fortgesetzte Nutzung unserer Website gilt als Zustimmung zu unseren Praktiken in Bezug auf Datenschutz und pers\u00f6nliche Daten. Wenn Sie Fragen zum Umgang mit Nutzerdaten und pers\u00f6nlichen Informationen haben, kontaktieren Sie uns bitte.<\/span><\/p>\n<p>\u00a0<\/p>\n<h3><span style=\"color: #444444;\">Benutzerverpflichtung<\/span><\/h3>\n<p><span style=\"color: #444444;\">Der Nutzer verpflichtet sich, die Inhalte und Informationen, die Arte Reciclada auf der Website anbietet, angemessen zu nutzen und zwar mit aussagekr\u00e4ftigem, aber nicht einschr\u00e4nkendem Charakter:<\/span><\/p>\n<ul>\n<li><span style=\"color: #444444;\">A) sich nicht an Aktivit\u00e4ten zu beteiligen, die illegal sind oder gegen Treu und Glauben und die \u00f6ffentliche Ordnung versto\u00dfen;<\/span><\/li>\n<li><span style=\"color: #444444;\">B) Verbreiten Sie keine Propaganda oder Inhalte rassistischer, fremdenfeindlicher, <\/span><span style=\"color: #212529;\"><a style=\"color: inherit !important; text-decoration: none !important; font-size: inherit !important;\" href=\"https:\/\/betnacionalbrasil.br.com\" target=\"_blank\" rel=\"noopener\">Nationale Wette<\/a><\/span><span style=\"color: #444444;\"> oder Pech, jede Art illegaler Pornografie, zur Unterst\u00fctzung des Terrorismus oder gegen die Menschenrechte;<\/span><\/li>\n<li><span style=\"color: #444444;\">C) Den physischen (Hardware) und logischen (Software) Systemen von Arte Reciclada, seinen Lieferanten oder Dritten keinen Schaden zuf\u00fcgen, Computerviren oder andere Hardware- oder Softwaresysteme, die die oben genannten Sch\u00e4den verursachen k\u00f6nnen, einschleusen oder verbreiten.<\/span><\/li>\n<\/ul>\n<h3><span style=\"color: #444444;\">Weitere Informationen<\/span><\/h3>\n<p><span style=\"color: #444444;\">Hoffentlich ist das klar, und wie bereits erw\u00e4hnt: Wenn Sie sich bei etwas nicht sicher sind, ob Sie es ben\u00f6tigen oder nicht, ist es normalerweise sicherer, Cookies aktiviert zu lassen, falls es mit einer der Funktionen interagiert, die Sie auf unserer Website verwenden.<\/span><\/p>\n<p><span style=\"color: #444444;\">Diese Richtlinie gilt ab dem 16. Dezember 2023, 12:21 Uhr<\/span><\/p>","protected":false},"excerpt":{"rendered":"","protected":false},"author":2,"featured_media":2338,"parent":0,"menu_order":0,"comment_status":"closed","ping_status":"closed","template":"","meta":{"footnotes":""},"class_list":["post-2052","page","type-page","status-publish","has-post-thumbnail","hentry"],"blocksy_meta":[],"_links":{"self":[{"href":"https:\/\/apple-time.com\/de\/wp-json\/wp\/v2\/pages\/2052","targetHints":{"allow":["GET"]}}],"collection":[{"href":"https:\/\/apple-time.com\/de\/wp-json\/wp\/v2\/pages"}],"about":[{"href":"https:\/\/apple-time.com\/de\/wp-json\/wp\/v2\/types\/page"}],"author":[{"embeddable":true,"href":"https:\/\/apple-time.com\/de\/wp-json\/wp\/v2\/users\/2"}],"replies":[{"embeddable":true,"href":"https:\/\/apple-time.com\/de\/wp-json\/wp\/v2\/comments?post=2052"}],"version-history":[{"count":2,"href":"https:\/\/apple-time.com\/de\/wp-json\/wp\/v2\/pages\/2052\/revisions"}],"predecessor-version":[{"id":2347,"href":"https:\/\/apple-time.com\/de\/wp-json\/wp\/v2\/pages\/2052\/revisions\/2347"}],"wp:featuredmedia":[{"embeddable":true,"href":"https:\/\/apple-time.com\/de\/wp-json\/wp\/v2\/media\/2338"}],"wp:attachment":[{"href":"https:\/\/apple-time.com\/de\/wp-json\/wp\/v2\/media?parent=2052"}],"curies":[{"name":"wp","href":"https:\/\/api.w.org\/{rel}","templated":true}]}}