{"id":2359,"date":"2024-08-09T16:04:47","date_gmt":"2024-08-09T19:04:47","guid":{"rendered":"https:\/\/apple-time.com\/?page_id=2359"},"modified":"2024-08-09T16:04:48","modified_gmt":"2024-08-09T19:04:48","slug":"termos-de-uso","status":"publish","type":"page","link":"https:\/\/apple-time.com\/en\/termos-de-uso\/","title":{"rendered":"Terms of Use"},"content":{"rendered":"<p><strong>Last updated: August 9, 2024<\/strong><\/p>\n\n\n\n<p>These Terms of Use regulate access to and use of the website. <strong>Artereciclada.com.br<\/strong> and the services offered.<\/p>\n\n\n\n<h3 class=\"wp-block-heading\">User Commitment<\/h3>\n\n\n\n<p>By accessing and using our website, you agree to:<\/p>\n\n\n\n<ul class=\"wp-block-list\">\n<li><strong>THE)<\/strong> Use the available content and information appropriately and in accordance with current legislation, good faith and public order;<\/li>\n\n\n\n<li><strong>B)<\/strong> Refrain from participating in illegal activities, including, but not limited to, disseminating content or propaganda of a racist, xenophobic nature, gambling, illegal pornography, advocacy of terrorism, or any act that violates human rights;<\/li>\n\n\n\n<li><strong>W)<\/strong> Do not cause damage to the physical (hardware) and logical (software) systems of the <strong>Recycled Art<\/strong>, its suppliers or third parties, preventing the introduction and dissemination of viruses or any other system that may harm the functioning of the website.<\/li>\n<\/ul>\n\n\n\n<h3 class=\"wp-block-heading\">Disclaimer<\/h3>\n\n\n\n<p>Our website may contain links to third party websites. We have no control over the content or practices of these websites and are not responsible for them.<\/p>\n\n\n\n<h3 class=\"wp-block-heading\">Changes to Terms of Use<\/h3>\n\n\n\n<p>We reserve the right to modify these Terms of Use at any time. We will notify you of any changes, and your continued use of the Site following such changes will be deemed acceptance of the new terms.<\/p>\n\n\n\n<p>If you have any questions about these Terms of Use, please contact us by email <a>contato@artereciclada.com.br<\/a>.<\/p>","protected":false},"excerpt":{"rendered":"<p>\u00daltima atualiza\u00e7\u00e3o: 9 de agosto de 2024 Estes Termos de Uso regulam o acesso e a utiliza\u00e7\u00e3o do site Artereciclada.com.br e dos servi\u00e7os oferecidos. Compromisso do Usu\u00e1rio Ao acessar e utilizar nosso site, voc\u00ea concorda em: Isen\u00e7\u00e3o de Responsabilidade Nosso site pode conter links para sites de terceiros. N\u00e3o temos controle sobre o conte\u00fado ou [&hellip;]<\/p>\n","protected":false},"author":185,"featured_media":2348,"parent":0,"menu_order":0,"comment_status":"closed","ping_status":"closed","template":"","meta":{"footnotes":""},"class_list":["post-2359","page","type-page","status-publish","has-post-thumbnail","hentry"],"blocksy_meta":[],"_links":{"self":[{"href":"https:\/\/apple-time.com\/en\/wp-json\/wp\/v2\/pages\/2359","targetHints":{"allow":["GET"]}}],"collection":[{"href":"https:\/\/apple-time.com\/en\/wp-json\/wp\/v2\/pages"}],"about":[{"href":"https:\/\/apple-time.com\/en\/wp-json\/wp\/v2\/types\/page"}],"author":[{"embeddable":true,"href":"https:\/\/apple-time.com\/en\/wp-json\/wp\/v2\/users\/185"}],"replies":[{"embeddable":true,"href":"https:\/\/apple-time.com\/en\/wp-json\/wp\/v2\/comments?post=2359"}],"version-history":[{"count":1,"href":"https:\/\/apple-time.com\/en\/wp-json\/wp\/v2\/pages\/2359\/revisions"}],"predecessor-version":[{"id":2360,"href":"https:\/\/apple-time.com\/en\/wp-json\/wp\/v2\/pages\/2359\/revisions\/2360"}],"wp:featuredmedia":[{"embeddable":true,"href":"https:\/\/apple-time.com\/en\/wp-json\/wp\/v2\/media\/2348"}],"wp:attachment":[{"href":"https:\/\/apple-time.com\/en\/wp-json\/wp\/v2\/media?parent=2359"}],"curies":[{"name":"wp","href":"https:\/\/api.w.org\/{rel}","templated":true}]}}