{"id":2052,"date":"2023-12-16T09:44:51","date_gmt":"2023-12-16T12:44:51","guid":{"rendered":"http:\/\/artereciclada.com.br\/?page_id=2052"},"modified":"2024-08-09T15:47:10","modified_gmt":"2024-08-09T18:47:10","slug":"politica-de-privacidade-e-termos-de-uso","status":"publish","type":"page","link":"https:\/\/apple-time.com\/es\/politica-de-privacidade-e-termos-de-uso\/","title":{"rendered":"pol\u00edtica de privacidad"},"content":{"rendered":"<h2><span style=\"color: #444444;\">pol\u00edtica de privacidad<\/span><\/h2>\n<p><span style=\"color: #444444;\">Su privacidad es importante para nosotros. Es pol\u00edtica de Arte Reciclado respetar su privacidad en relaci\u00f3n con cualquier informaci\u00f3n que podamos recopilar en el sitio web. <a href=\"http:\/\/artereciclada.com.br\/\" target=\"_blank\" rel=\"noopener\">Arte Reciclado<\/a>y otros sitios que poseemos y operamos.<\/span><\/p>\n<p><span style=\"color: #444444;\">Solo solicitamos informaci\u00f3n personal cuando realmente la necesitamos para brindarle un servicio. Lo hacemos por medios justos y legales, con su conocimiento y consentimiento. Tambi\u00e9n te contamos por qu\u00e9 lo recogemos y c\u00f3mo se utilizar\u00e1.<\/span><\/p>\n<p><span style=\"color: #444444;\">Solo conservamos la informaci\u00f3n recopilada durante el tiempo necesario para proporcionar el servicio solicitado. Cuando almacenamos datos, los protegemos dentro de medios comercialmente aceptables para evitar p\u00e9rdidas y robos, as\u00ed como el acceso, divulgaci\u00f3n, copia, uso o modificaci\u00f3n no autorizados.<\/span><\/p>\n<p><span style=\"color: #444444;\">No compartimos informaci\u00f3n de identificaci\u00f3n personal p\u00fablicamente ni con terceros, excepto cuando lo exija la ley.<\/span><\/p>\n<p><span style=\"color: #444444;\">Nuestro sitio web puede tener enlaces a sitios web externos que no son operados por nosotros. Tenga en cuenta que no tenemos control sobre el contenido y las pr\u00e1cticas de estos sitios y no podemos aceptar responsabilidad por sus respectivos\u00a0<\/span><a style=\"background-color: transparent; color: #444444;\" href=\"https:\/\/politicaprivacidade.com\/\" target=\"_blank\" rel=\"noopener noreferrer\">pol\u00edticas de privacidad<\/a><span style=\"color: #444444;\">.<\/span><\/p>\n<p><span style=\"color: #444444;\">Usted es libre de rechazar nuestra solicitud de su informaci\u00f3n personal, en el entendido de que es posible que no podamos brindarle algunos de los servicios que desea.<\/span><\/p>\n<p><span style=\"color: #444444;\">Su uso continuado de nuestro sitio web se considerar\u00e1 la aceptaci\u00f3n de nuestras pr\u00e1cticas en materia de privacidad e informaci\u00f3n personal. Si tiene alguna pregunta sobre c\u00f3mo manejamos los datos del usuario y la informaci\u00f3n personal, comun\u00edquese con nosotros.<\/span><\/p>\n<p>\u00a0<\/p>\n<h3><span style=\"color: #444444;\">Compromiso del usuario<\/span><\/h3>\n<p><span style=\"color: #444444;\">El usuario se compromete a hacer un uso adecuado de los contenidos e informaci\u00f3n que Arte Reciclada ofrece en el sitio web y con car\u00e1cter enunciativo pero no limitativo:<\/span><\/p>\n<ul>\n<li><span style=\"color: #444444;\">A) No realizar actividades il\u00edcitas o contrarias a la buena fe y al orden p\u00fablico;<\/span><\/li>\n<li><span style=\"color: #444444;\">B) No difundir propaganda o contenidos de car\u00e1cter racista, xen\u00f3fobo, <\/span><span style=\"color: #212529;\"><a style=\"color: inherit !important; text-decoration: none !important; font-size: inherit !important;\" href=\"https:\/\/betnacionalbrasil.br.com\" target=\"_blank\" rel=\"noopener\">Apuesta Nacional<\/a><\/span><span style=\"color: #444444;\"> o mala suerte, cualquier tipo de pornograf\u00eda ilegal, de apoyo al terrorismo o contra los derechos humanos;<\/span><\/li>\n<li><span style=\"color: #444444;\">C) No provocar da\u00f1os en los sistemas f\u00edsicos (hardware) y l\u00f3gicos (software) de Arte Reciclada, de sus proveedores o de terceras personas, introducir o difundir en la red virus inform\u00e1ticos o cualesquiera otros sistemas hardware o software que sean susceptibles de provocar los da\u00f1os antes mencionados.<\/span><\/li>\n<\/ul>\n<h3><span style=\"color: #444444;\">M\u00e1s informaci\u00f3n<\/span><\/h3>\n<p><span style=\"color: #444444;\">Esperemos que quede claro y, como se mencion\u00f3 anteriormente, si hay algo que no est\u00e1 seguro de necesitar o no, generalmente es m\u00e1s seguro dejar las cookies habilitadas en caso de que interact\u00fae con una de las funciones que utiliza en nuestro sitio.<\/span><\/p>\n<p><span style=\"color: #444444;\">Esta pol\u00edtica entra en vigor a partir del 16 de diciembre de 2023 12:21<\/span><\/p>","protected":false},"excerpt":{"rendered":"","protected":false},"author":2,"featured_media":2338,"parent":0,"menu_order":0,"comment_status":"closed","ping_status":"closed","template":"","meta":{"footnotes":""},"class_list":["post-2052","page","type-page","status-publish","has-post-thumbnail","hentry"],"blocksy_meta":[],"_links":{"self":[{"href":"https:\/\/apple-time.com\/es\/wp-json\/wp\/v2\/pages\/2052","targetHints":{"allow":["GET"]}}],"collection":[{"href":"https:\/\/apple-time.com\/es\/wp-json\/wp\/v2\/pages"}],"about":[{"href":"https:\/\/apple-time.com\/es\/wp-json\/wp\/v2\/types\/page"}],"author":[{"embeddable":true,"href":"https:\/\/apple-time.com\/es\/wp-json\/wp\/v2\/users\/2"}],"replies":[{"embeddable":true,"href":"https:\/\/apple-time.com\/es\/wp-json\/wp\/v2\/comments?post=2052"}],"version-history":[{"count":2,"href":"https:\/\/apple-time.com\/es\/wp-json\/wp\/v2\/pages\/2052\/revisions"}],"predecessor-version":[{"id":2347,"href":"https:\/\/apple-time.com\/es\/wp-json\/wp\/v2\/pages\/2052\/revisions\/2347"}],"wp:featuredmedia":[{"embeddable":true,"href":"https:\/\/apple-time.com\/es\/wp-json\/wp\/v2\/media\/2338"}],"wp:attachment":[{"href":"https:\/\/apple-time.com\/es\/wp-json\/wp\/v2\/media?parent=2052"}],"curies":[{"name":"wp","href":"https:\/\/api.w.org\/{rel}","templated":true}]}}