{"id":2074,"date":"2023-12-17T09:14:37","date_gmt":"2023-12-17T12:14:37","guid":{"rendered":"http:\/\/artereciclada.com.br\/?page_id=2074"},"modified":"2023-12-17T09:46:23","modified_gmt":"2023-12-17T12:46:23","slug":"posts-do-instagram","status":"publish","type":"page","link":"https:\/\/apple-time.com\/es\/posts-do-instagram\/","title":{"rendered":"Publicaciones de Instagram"},"content":{"rendered":"<figure class=\"wp-block-table is-style-regular\"><table><tbody><tr><td class=\"has-text-align-center\" data-align=\"center\"><img decoding=\"async\" width=\"150\" height=\"46\" class=\"wp-image-219\" style=\"width: 150px;\" src=\"http:\/\/artereciclada.com.br\/wp-content\/uploads\/2015\/11\/logo-arte-reciclada.png\" alt=\"Arte Reciclada\" srcset=\"https:\/\/apple-time.com\/wp-content\/uploads\/2015\/11\/logo-arte-reciclada.png 925w, https:\/\/apple-time.com\/wp-content\/uploads\/2015\/11\/logo-arte-reciclada-300x91.png 300w, https:\/\/apple-time.com\/wp-content\/uploads\/2015\/11\/logo-arte-reciclada-720x220.png 720w\" sizes=\"(max-width: 150px) 100vw, 150px\" \/><\/td><td class=\"has-text-align-center\" data-align=\"center\"><\/td><\/tr><tr><td class=\"has-text-align-center\" data-align=\"center\"><\/td><td class=\"has-text-align-center\" data-align=\"center\"><img decoding=\"async\" src=\"http:\/\/artereciclada.com.br\/wp-content\/uploads\/2023\/12\/Arte-Reciclada-1.jpg\" alt=\"Vaso de cacos de vidro temperado\" style=\"width: 200px;\"><\/td><\/tr><tr><td class=\"has-text-align-center\" data-align=\"center\"><a rel=\"noreferrer noopener\" href=\"http:\/\/artereciclada.com.br\/infantil\/fantasias-de-carnaval\/\" target=\"_blank\"><img decoding=\"async\" width=\"200\" height=\"200\" class=\"wp-image-2076\" style=\"width: 200px;\" src=\"http:\/\/artereciclada.com.br\/wp-content\/uploads\/2023\/12\/Arte-Reciclada.jpg\" alt=\"5 fantasias de carnaval f\u00e1ceis de fazer. Com recicl\u00e1veis, \u00e9 claro!\" srcset=\"https:\/\/apple-time.com\/wp-content\/uploads\/2023\/12\/Arte-Reciclada.jpg 1080w, https:\/\/apple-time.com\/wp-content\/uploads\/2023\/12\/Arte-Reciclada-300x300.jpg 300w, https:\/\/apple-time.com\/wp-content\/uploads\/2023\/12\/Arte-Reciclada-1024x1024.jpg 1024w, https:\/\/apple-time.com\/wp-content\/uploads\/2023\/12\/Arte-Reciclada-150x150.jpg 150w, https:\/\/apple-time.com\/wp-content\/uploads\/2023\/12\/Arte-Reciclada-768x768.jpg 768w, https:\/\/apple-time.com\/wp-content\/uploads\/2023\/12\/Arte-Reciclada-720x720.jpg 720w\" sizes=\"(max-width: 200px) 100vw, 200px\" \/><\/a><\/td><td class=\"has-text-align-center\" data-align=\"center\"><a href=\"http:\/\/artereciclada.com.br\/passo-a-passo\/brinquedos-reciclaveis\/\" target=\"_blank\" rel=\"noreferrer noopener\"><img decoding=\"async\" width=\"200\" height=\"200\" class=\"wp-image-2075\" style=\"width: 200px;\" src=\"http:\/\/artereciclada.com.br\/wp-content\/uploads\/2023\/12\/como-fazer-um-\u00f4nibus-espacial-de-papel\u00e3o.jpg\" alt=\"como fazer um \u00f4nibus espacial de papel\u00e3o\" srcset=\"https:\/\/apple-time.com\/wp-content\/uploads\/2023\/12\/como-fazer-um-\u00f4nibus-espacial-de-papel\u00e3o.jpg 1080w, https:\/\/apple-time.com\/wp-content\/uploads\/2023\/12\/como-fazer-um-\u00f4nibus-espacial-de-papel\u00e3o-300x300.jpg 300w, https:\/\/apple-time.com\/wp-content\/uploads\/2023\/12\/como-fazer-um-\u00f4nibus-espacial-de-papel\u00e3o-1024x1024.jpg 1024w, https:\/\/apple-time.com\/wp-content\/uploads\/2023\/12\/como-fazer-um-\u00f4nibus-espacial-de-papel\u00e3o-150x150.jpg 150w, https:\/\/apple-time.com\/wp-content\/uploads\/2023\/12\/como-fazer-um-\u00f4nibus-espacial-de-papel\u00e3o-768x768.jpg 768w, https:\/\/apple-time.com\/wp-content\/uploads\/2023\/12\/como-fazer-um-\u00f4nibus-espacial-de-papel\u00e3o-720x720.jpg 720w\" sizes=\"(max-width: 200px) 100vw, 200px\" \/><\/a><\/td><\/tr><\/tbody><\/table><\/figure>","protected":false},"excerpt":{"rendered":"","protected":false},"author":2,"featured_media":2075,"parent":0,"menu_order":0,"comment_status":"closed","ping_status":"closed","template":"","meta":{"footnotes":""},"class_list":["post-2074","page","type-page","status-publish","has-post-thumbnail","hentry"],"blocksy_meta":[],"_links":{"self":[{"href":"https:\/\/apple-time.com\/es\/wp-json\/wp\/v2\/pages\/2074","targetHints":{"allow":["GET"]}}],"collection":[{"href":"https:\/\/apple-time.com\/es\/wp-json\/wp\/v2\/pages"}],"about":[{"href":"https:\/\/apple-time.com\/es\/wp-json\/wp\/v2\/types\/page"}],"author":[{"embeddable":true,"href":"https:\/\/apple-time.com\/es\/wp-json\/wp\/v2\/users\/2"}],"replies":[{"embeddable":true,"href":"https:\/\/apple-time.com\/es\/wp-json\/wp\/v2\/comments?post=2074"}],"version-history":[{"count":4,"href":"https:\/\/apple-time.com\/es\/wp-json\/wp\/v2\/pages\/2074\/revisions"}],"predecessor-version":[{"id":2091,"href":"https:\/\/apple-time.com\/es\/wp-json\/wp\/v2\/pages\/2074\/revisions\/2091"}],"wp:featuredmedia":[{"embeddable":true,"href":"https:\/\/apple-time.com\/es\/wp-json\/wp\/v2\/media\/2075"}],"wp:attachment":[{"href":"https:\/\/apple-time.com\/es\/wp-json\/wp\/v2\/media?parent=2074"}],"curies":[{"name":"wp","href":"https:\/\/api.w.org\/{rel}","templated":true}]}}