{"id":2326,"date":"2024-08-09T15:12:52","date_gmt":"2024-08-09T18:12:52","guid":{"rendered":"https:\/\/apple-time.com\/?page_id=2326"},"modified":"2024-08-09T15:12:53","modified_gmt":"2024-08-09T18:12:53","slug":"contato","status":"publish","type":"page","link":"https:\/\/apple-time.com\/es\/contato\/","title":{"rendered":"Contacto"},"content":{"rendered":"<p><strong>Cont\u00e1ctenos<\/strong><\/p>\n<p>\u00a1Estamos aqu\u00ed para escucharte! Si tienes preguntas, sugerencias o quieres compartir tus ideas sobre arte y reciclaje, por favor cont\u00e1ctanos. Su contribuci\u00f3n es esencial para el crecimiento de nuestra comunidad.<\/p>\n<h2>Medios de contacto<\/h2>\n<ul>\n<li><strong>Correo electr\u00f3nico:<\/strong><br \/>Env\u00eda tus mensajes a:<br \/><a rel=\"noreferrer\">contato@artereciclada.com.br<\/a><\/li>\n<\/ul>","protected":false},"excerpt":{"rendered":"","protected":false},"author":185,"featured_media":2338,"parent":0,"menu_order":0,"comment_status":"closed","ping_status":"closed","template":"","meta":{"footnotes":""},"class_list":["post-2326","page","type-page","status-publish","has-post-thumbnail","hentry"],"blocksy_meta":[],"_links":{"self":[{"href":"https:\/\/apple-time.com\/es\/wp-json\/wp\/v2\/pages\/2326","targetHints":{"allow":["GET"]}}],"collection":[{"href":"https:\/\/apple-time.com\/es\/wp-json\/wp\/v2\/pages"}],"about":[{"href":"https:\/\/apple-time.com\/es\/wp-json\/wp\/v2\/types\/page"}],"author":[{"embeddable":true,"href":"https:\/\/apple-time.com\/es\/wp-json\/wp\/v2\/users\/185"}],"replies":[{"embeddable":true,"href":"https:\/\/apple-time.com\/es\/wp-json\/wp\/v2\/comments?post=2326"}],"version-history":[{"count":1,"href":"https:\/\/apple-time.com\/es\/wp-json\/wp\/v2\/pages\/2326\/revisions"}],"predecessor-version":[{"id":2340,"href":"https:\/\/apple-time.com\/es\/wp-json\/wp\/v2\/pages\/2326\/revisions\/2340"}],"wp:featuredmedia":[{"embeddable":true,"href":"https:\/\/apple-time.com\/es\/wp-json\/wp\/v2\/media\/2338"}],"wp:attachment":[{"href":"https:\/\/apple-time.com\/es\/wp-json\/wp\/v2\/media?parent=2326"}],"curies":[{"name":"wp","href":"https:\/\/api.w.org\/{rel}","templated":true}]}}