{"id":2359,"date":"2024-08-09T16:04:47","date_gmt":"2024-08-09T19:04:47","guid":{"rendered":"https:\/\/apple-time.com\/?page_id=2359"},"modified":"2024-08-09T16:04:48","modified_gmt":"2024-08-09T19:04:48","slug":"termos-de-uso","status":"publish","type":"page","link":"https:\/\/apple-time.com\/es\/termos-de-uso\/","title":{"rendered":"Condiciones de uso"},"content":{"rendered":"<p><strong>\u00daltima actualizaci\u00f3n: 9 de agosto de 2024<\/strong><\/p>\n\n\n\n<p>Estos T\u00e9rminos de uso regulan el acceso y el uso del sitio web. <strong>Arterecicada.com.br<\/strong> y los servicios ofrecidos.<\/p>\n\n\n\n<h3 class=\"wp-block-heading\">Compromiso del usuario<\/h3>\n\n\n\n<p>Al acceder y utilizar nuestro sitio web, usted acepta:<\/p>\n\n\n\n<ul class=\"wp-block-list\">\n<li><strong>EL)<\/strong> Utilizar los contenidos e informaci\u00f3n disponibles de forma adecuada y conforme a la legislaci\u00f3n vigente, la buena fe y el orden p\u00fablico;<\/li>\n\n\n\n<li><strong>B)<\/strong> Abstenerse de participar en actividades ilegales, incluidas, entre otras, la difusi\u00f3n de contenidos o propaganda de car\u00e1cter racista, xen\u00f3fobo, juegos de azar, pornograf\u00eda ilegal, apolog\u00eda del terrorismo o cualquier acto que viole los derechos humanos;<\/li>\n\n\n\n<li><strong>W)<\/strong> No causar da\u00f1os a los sistemas f\u00edsicos (hardware) y l\u00f3gicos (software) del <strong>Arte Reciclado<\/strong>, de sus proveedores o de terceros, evitando la introducci\u00f3n y difusi\u00f3n de virus o cualquier otro sistema que pueda perjudicar el funcionamiento del sitio web.<\/li>\n<\/ul>\n\n\n\n<h3 class=\"wp-block-heading\">Descargo de responsabilidad<\/h3>\n\n\n\n<p>Nuestro sitio web puede contener enlaces a sitios web de terceros. No tenemos control sobre el contenido o las pr\u00e1cticas de esos sitios y no somos responsables de ellos.<\/p>\n\n\n\n<h3 class=\"wp-block-heading\">Cambios en los t\u00e9rminos de uso<\/h3>\n\n\n\n<p>Nos reservamos el derecho de modificar estos T\u00e9rminos de uso en cualquier momento. Le notificaremos cualquier cambio y su uso continuado del sitio despu\u00e9s de dichos cambios se considerar\u00e1 aceptaci\u00f3n de los nuevos t\u00e9rminos.<\/p>\n\n\n\n<p>Si tiene preguntas sobre estos T\u00e9rminos de uso, cont\u00e1ctenos en <a>contato@artereciclada.com.br<\/a>.<\/p>","protected":false},"excerpt":{"rendered":"<p>\u00daltima atualiza\u00e7\u00e3o: 9 de agosto de 2024 Estes Termos de Uso regulam o acesso e a utiliza\u00e7\u00e3o do site Artereciclada.com.br e dos servi\u00e7os oferecidos. Compromisso do Usu\u00e1rio Ao acessar e utilizar nosso site, voc\u00ea concorda em: Isen\u00e7\u00e3o de Responsabilidade Nosso site pode conter links para sites de terceiros. N\u00e3o temos controle sobre o conte\u00fado ou [&hellip;]<\/p>\n","protected":false},"author":185,"featured_media":2348,"parent":0,"menu_order":0,"comment_status":"closed","ping_status":"closed","template":"","meta":{"footnotes":""},"class_list":["post-2359","page","type-page","status-publish","has-post-thumbnail","hentry"],"blocksy_meta":[],"_links":{"self":[{"href":"https:\/\/apple-time.com\/es\/wp-json\/wp\/v2\/pages\/2359","targetHints":{"allow":["GET"]}}],"collection":[{"href":"https:\/\/apple-time.com\/es\/wp-json\/wp\/v2\/pages"}],"about":[{"href":"https:\/\/apple-time.com\/es\/wp-json\/wp\/v2\/types\/page"}],"author":[{"embeddable":true,"href":"https:\/\/apple-time.com\/es\/wp-json\/wp\/v2\/users\/185"}],"replies":[{"embeddable":true,"href":"https:\/\/apple-time.com\/es\/wp-json\/wp\/v2\/comments?post=2359"}],"version-history":[{"count":1,"href":"https:\/\/apple-time.com\/es\/wp-json\/wp\/v2\/pages\/2359\/revisions"}],"predecessor-version":[{"id":2360,"href":"https:\/\/apple-time.com\/es\/wp-json\/wp\/v2\/pages\/2359\/revisions\/2360"}],"wp:featuredmedia":[{"embeddable":true,"href":"https:\/\/apple-time.com\/es\/wp-json\/wp\/v2\/media\/2348"}],"wp:attachment":[{"href":"https:\/\/apple-time.com\/es\/wp-json\/wp\/v2\/media?parent=2359"}],"curies":[{"name":"wp","href":"https:\/\/api.w.org\/{rel}","templated":true}]}}