{"id":2359,"date":"2024-08-09T16:04:47","date_gmt":"2024-08-09T19:04:47","guid":{"rendered":"https:\/\/apple-time.com\/?page_id=2359"},"modified":"2024-08-09T16:04:48","modified_gmt":"2024-08-09T19:04:48","slug":"termos-de-uso","status":"publish","type":"page","link":"https:\/\/apple-time.com\/fr\/termos-de-uso\/","title":{"rendered":"Conditions d&#039;utilisation"},"content":{"rendered":"<p><strong>Derni\u00e8re mise \u00e0 jour : 9 ao\u00fbt 2024<\/strong><\/p>\n\n\n\n<p>Les pr\u00e9sentes conditions d&#039;utilisation r\u00e9gissent l&#039;acc\u00e8s et l&#039;utilisation du site Web. <strong>Arterecicada.com.br<\/strong> et les services propos\u00e9s.<\/p>\n\n\n\n<h3 class=\"wp-block-heading\">Engagement de l&#039;utilisateur<\/h3>\n\n\n\n<p>En acc\u00e9dant et en utilisant notre site Web, vous acceptez de\u00a0:<\/p>\n\n\n\n<ul class=\"wp-block-list\">\n<li><strong>LE)<\/strong> Utiliser les contenus et informations disponibles de mani\u00e8re appropri\u00e9e et conform\u00e9ment \u00e0 la l\u00e9gislation en vigueur, de bonne foi et \u00e0 l\u2019ordre public\u00a0;<\/li>\n\n\n\n<li><strong>B)<\/strong> S&#039;abstenir de participer \u00e0 des activit\u00e9s ill\u00e9gales, y compris, mais sans s&#039;y limiter, la diffusion de contenu ou de propagande de nature raciste, x\u00e9nophobe, les jeux de hasard, la pornographie ill\u00e9gale, l&#039;apologie du terrorisme ou tout acte violant les droits de l&#039;homme\u00a0;<\/li>\n\n\n\n<li><strong>W)<\/strong> Ne causez pas de dommages aux syst\u00e8mes physiques (mat\u00e9riel) et logiques (logiciels) du <strong>Art recycl\u00e9<\/strong>, ses fournisseurs ou des tiers, en \u00e9vitant l&#039;introduction et la diffusion de virus ou de tout autre syst\u00e8me qui pourrait nuire au fonctionnement du site Web.<\/li>\n<\/ul>\n\n\n\n<h3 class=\"wp-block-heading\">Clause de non-responsabilit\u00e9<\/h3>\n\n\n\n<p>Notre site Web peut contenir des liens vers des sites Web de tiers. Nous n&#039;avons aucun contr\u00f4le sur le contenu ou les pratiques de ces sites et n&#039;en sommes pas responsables.<\/p>\n\n\n\n<h3 class=\"wp-block-heading\">Modifications des conditions d&#039;utilisation<\/h3>\n\n\n\n<p>Nous nous r\u00e9servons le droit de modifier les pr\u00e9sentes Conditions d&#039;Utilisation \u00e0 tout moment. Nous vous informerons de tout changement et votre utilisation continue du site apr\u00e8s ces changements sera consid\u00e9r\u00e9e comme une acceptation des nouvelles conditions.<\/p>\n\n\n\n<p>Si vous avez des questions concernant ces conditions d&#039;utilisation, veuillez nous contacter \u00e0 <a>contato@artereciclada.com.br<\/a>.<\/p>","protected":false},"excerpt":{"rendered":"<p>\u00daltima atualiza\u00e7\u00e3o: 9 de agosto de 2024 Estes Termos de Uso regulam o acesso e a utiliza\u00e7\u00e3o do site Artereciclada.com.br e dos servi\u00e7os oferecidos. Compromisso do Usu\u00e1rio Ao acessar e utilizar nosso site, voc\u00ea concorda em: Isen\u00e7\u00e3o de Responsabilidade Nosso site pode conter links para sites de terceiros. N\u00e3o temos controle sobre o conte\u00fado ou [&hellip;]<\/p>\n","protected":false},"author":185,"featured_media":2348,"parent":0,"menu_order":0,"comment_status":"closed","ping_status":"closed","template":"","meta":{"footnotes":""},"class_list":["post-2359","page","type-page","status-publish","has-post-thumbnail","hentry"],"blocksy_meta":[],"_links":{"self":[{"href":"https:\/\/apple-time.com\/fr\/wp-json\/wp\/v2\/pages\/2359","targetHints":{"allow":["GET"]}}],"collection":[{"href":"https:\/\/apple-time.com\/fr\/wp-json\/wp\/v2\/pages"}],"about":[{"href":"https:\/\/apple-time.com\/fr\/wp-json\/wp\/v2\/types\/page"}],"author":[{"embeddable":true,"href":"https:\/\/apple-time.com\/fr\/wp-json\/wp\/v2\/users\/185"}],"replies":[{"embeddable":true,"href":"https:\/\/apple-time.com\/fr\/wp-json\/wp\/v2\/comments?post=2359"}],"version-history":[{"count":1,"href":"https:\/\/apple-time.com\/fr\/wp-json\/wp\/v2\/pages\/2359\/revisions"}],"predecessor-version":[{"id":2360,"href":"https:\/\/apple-time.com\/fr\/wp-json\/wp\/v2\/pages\/2359\/revisions\/2360"}],"wp:featuredmedia":[{"embeddable":true,"href":"https:\/\/apple-time.com\/fr\/wp-json\/wp\/v2\/media\/2348"}],"wp:attachment":[{"href":"https:\/\/apple-time.com\/fr\/wp-json\/wp\/v2\/media?parent=2359"}],"curies":[{"name":"wp","href":"https:\/\/api.w.org\/{rel}","templated":true}]}}