{"id":343,"date":"2016-01-04T12:06:46","date_gmt":"2016-01-04T12:06:46","guid":{"rendered":"http:\/\/artereciclada.com.br\/wp\/?page_id=343"},"modified":"2016-01-04T19:59:04","modified_gmt":"2016-01-04T19:59:04","slug":"busca-artesanato-reciclado","status":"publish","type":"page","link":"https:\/\/apple-time.com\/fr\/busca-artesanato-reciclado\/","title":{"rendered":"Recherche"},"content":{"rendered":"<div class=\"cse-branding-bottom\" style=\"background-color: #ffffff; color: #000000;\">\n<div class=\"cse-branding-form\">\n<form id=\"cse-search-box\" action=\"http:\/\/www.google.com.br\" target=\"_blank\">\n<div><input name=\"cx\" type=\"hidden\" value=\"partner-pub-4434962001734545:4374124797\" \/><br \/>\n<input name=\"ie\" type=\"hidden\" value=\"UTF-8\" \/><br \/>\n<input name=\"q\" size=\"100\" type=\"text\" \/><br \/>\n<input name=\"sa\" type=\"submit\" value=\"Recherche\" \/><\/div>\n<\/form>\n<\/div>\n<div class=\"cse-branding-logo\"><img decoding=\"async\" src=\"http:\/\/www.google.com\/images\/poweredby_transparent\/poweredby_FFFFFF.gif\" alt=\"Google\" \/><\/div>\n<div class=\"cse-branding-text\">Recherche personnalis\u00e9e<\/div>\n<\/div>\n<p>Utilisez le moteur de recherche Google ci-dessus pour trouver des annonces de mat\u00e9riel et d&#039;outillage pour les artisans, des cours de recyclage artisanal, pour ceux qui ach\u00e8tent ou vendent des objets artisanaux recycl\u00e9s, du mat\u00e9riel pour la collecte s\u00e9lective, ainsi que des r\u00e9sultats sur <a href=\"http:\/\/www.setorreciclagem.com.br\" target=\"_blank\" rel=\"noopener\"><strong>Secteur du recyclage<\/strong><\/a> et <a href=\"http:\/\/artereciclada.com.br\/\" target=\"_blank\" rel=\"noopener\"><strong>Art recycl\u00e9<\/strong><\/a>.<br \/>\nPour tout trouver sur l&#039;artisanat recycl\u00e9 et l&#039;art recycl\u00e9, soyez tr\u00e8s pr\u00e9cis dans votre recherche pour obtenir un r\u00e9sultat plus affirm\u00e9 \ud83d\ude09<\/p>\n<p><a href=\"http:\/\/www.setorreciclagem.com.br\/category\/cursos-artesanais\/\" target=\"_blank\" rel=\"noopener\"><strong>Cliquez ici et consultez les cours en ligne sur le recyclage et l&#039;environnement<\/strong><\/a><\/p>\n<p>&nbsp;<\/p>","protected":false},"excerpt":{"rendered":"<p>Custom Search Use o buscador do Google acima para encontrar an\u00fancios de equipamentos e ferramentas para artes\u00e3os, cursos de reciclagem artesanal, quem compra ou vende itens de artesanato reciclado, equipamentos para coleta seletiva, al\u00e9m de resultados no Setor Reciclagem e Arte Reciclada. Para encontrar tudo sobre artesanato reciclado e arte reciclada, seja bem espec\u00edfico na [&hellip;]<\/p>\n","protected":false},"author":2,"featured_media":0,"parent":0,"menu_order":0,"comment_status":"closed","ping_status":"closed","template":"","meta":{"footnotes":""},"class_list":["post-343","page","type-page","status-publish","hentry"],"blocksy_meta":[],"_links":{"self":[{"href":"https:\/\/apple-time.com\/fr\/wp-json\/wp\/v2\/pages\/343","targetHints":{"allow":["GET"]}}],"collection":[{"href":"https:\/\/apple-time.com\/fr\/wp-json\/wp\/v2\/pages"}],"about":[{"href":"https:\/\/apple-time.com\/fr\/wp-json\/wp\/v2\/types\/page"}],"author":[{"embeddable":true,"href":"https:\/\/apple-time.com\/fr\/wp-json\/wp\/v2\/users\/2"}],"replies":[{"embeddable":true,"href":"https:\/\/apple-time.com\/fr\/wp-json\/wp\/v2\/comments?post=343"}],"version-history":[{"count":7,"href":"https:\/\/apple-time.com\/fr\/wp-json\/wp\/v2\/pages\/343\/revisions"}],"predecessor-version":[{"id":357,"href":"https:\/\/apple-time.com\/fr\/wp-json\/wp\/v2\/pages\/343\/revisions\/357"}],"wp:attachment":[{"href":"https:\/\/apple-time.com\/fr\/wp-json\/wp\/v2\/media?parent=343"}],"curies":[{"name":"wp","href":"https:\/\/api.w.org\/{rel}","templated":true}]}}