{"id":1912,"date":"2024-08-09T16:06:15","date_gmt":"2024-08-09T19:06:15","guid":{"rendered":"http:\/\/artereciclada.com.br\/?page_id=1912"},"modified":"2024-08-09T16:06:16","modified_gmt":"2024-08-09T19:06:16","slug":"sobre-nos","status":"publish","type":"page","link":"https:\/\/apple-time.com\/it\/sobre-nos\/","title":{"rendered":"Chi siamo"},"content":{"rendered":"<p><strong>Benvenuti nell&#039;Arte Riciclata!<\/strong><\/p>\n<p>Nodo <strong>Arte riciclata<\/strong>, crediamo che l&#039;arte abbia il potere di trasformare il mondo e che la sostenibilit\u00e0 sia la strada verso un futuro pi\u00f9 verde. Il nostro blog nasce dalla passione di unire creativit\u00e0 e consapevolezza ambientale, dimostrando che \u00e8 possibile creare bellezza da ci\u00f2 che altrimenti verrebbe scartato.<\/p>\n<h3>La nostra missione<\/h3>\n<p>La nostra missione \u00e8 ispirare e consentire alle persone di vedere il potenziale nascosto nei materiali riciclabili, trasformandoli in pezzi d&#039;arte e decorazioni unici. Vogliamo promuovere il riciclo come pratica essenziale nella vita di tutti i giorni, contribuendo a ridurre i rifiuti e a preservare l\u2019ambiente.<\/p>\n<h3>Cosa facciamo<\/h3>\n<p>Nodo <strong>Arte riciclata<\/strong>, condividiamo tutorial, idee creative e progetti che mostrano come riutilizzare e reinventare i materiali in modo artistico. Il nostro team \u00e8 composto da persone appassionate di arte e sostenibilit\u00e0, che sono sempre alla ricerca di nuovi modi per dare vita a ci\u00f2 che prima era scartato.<\/p>\n<h3>La nostra visione<\/h3>\n<p>Crediamo che, insieme, possiamo creare un mondo in cui arte e sostenibilit\u00e0 vadano di pari passo. Vogliamo essere un punto di riferimento per tutti coloro che cercano di fare la differenza attraverso il riciclo creativo, contribuendo a diffondere il messaggio che piccole azioni possono avere grandi impatti.<\/p>\n<h3>Unisciti a noi<\/h3>\n<p>Ti invitiamo a esplorare i nostri contenuti, apprendere nuove tecniche e trarre ispirazione per creare le tue opere d&#039;arte riciclata. Se credi che i rifiuti possano trasformarsi in tesori, sei nel posto giusto!<\/p>\n<p><strong>Rendiamo insieme il mondo un luogo pi\u00f9 sostenibile e creativo.<\/strong><\/p>","protected":false},"excerpt":{"rendered":"","protected":false},"author":2,"featured_media":2351,"parent":0,"menu_order":0,"comment_status":"closed","ping_status":"closed","template":"","meta":{"footnotes":""},"class_list":["post-1912","page","type-page","status-publish","has-post-thumbnail","hentry"],"blocksy_meta":[],"_links":{"self":[{"href":"https:\/\/apple-time.com\/it\/wp-json\/wp\/v2\/pages\/1912","targetHints":{"allow":["GET"]}}],"collection":[{"href":"https:\/\/apple-time.com\/it\/wp-json\/wp\/v2\/pages"}],"about":[{"href":"https:\/\/apple-time.com\/it\/wp-json\/wp\/v2\/types\/page"}],"author":[{"embeddable":true,"href":"https:\/\/apple-time.com\/it\/wp-json\/wp\/v2\/users\/2"}],"replies":[{"embeddable":true,"href":"https:\/\/apple-time.com\/it\/wp-json\/wp\/v2\/comments?post=1912"}],"version-history":[{"count":5,"href":"https:\/\/apple-time.com\/it\/wp-json\/wp\/v2\/pages\/1912\/revisions"}],"predecessor-version":[{"id":2361,"href":"https:\/\/apple-time.com\/it\/wp-json\/wp\/v2\/pages\/1912\/revisions\/2361"}],"wp:featuredmedia":[{"embeddable":true,"href":"https:\/\/apple-time.com\/it\/wp-json\/wp\/v2\/media\/2351"}],"wp:attachment":[{"href":"https:\/\/apple-time.com\/it\/wp-json\/wp\/v2\/media?parent=1912"}],"curies":[{"name":"wp","href":"https:\/\/api.w.org\/{rel}","templated":true}]}}