{"id":2052,"date":"2023-12-16T09:44:51","date_gmt":"2023-12-16T12:44:51","guid":{"rendered":"http:\/\/artereciclada.com.br\/?page_id=2052"},"modified":"2024-08-09T15:47:10","modified_gmt":"2024-08-09T18:47:10","slug":"politica-de-privacidade-e-termos-de-uso","status":"publish","type":"page","link":"https:\/\/apple-time.com\/it\/politica-de-privacidade-e-termos-de-uso\/","title":{"rendered":"politica sulla riservatezza"},"content":{"rendered":"<h2><span style=\"color: #444444;\">politica sulla riservatezza<\/span><\/h2>\n<p><span style=\"color: #444444;\">La tua privacy \u00e8 importante per noi. \u00c8 politica di Arte Reciclado rispettare la tua privacy in relazione a qualsiasi informazione che possiamo raccogliere sul sito. <a href=\"http:\/\/artereciclada.com.br\/\" target=\"_blank\" rel=\"noopener\">Arte riciclata<\/a>e altri siti che possediamo e gestiamo.<\/span><\/p>\n<p><span style=\"color: #444444;\">Richiediamo informazioni personali solo quando ne abbiamo veramente bisogno per fornirti un servizio. Lo facciamo con mezzi equi e legali, con la tua conoscenza e il tuo consenso. Ti diciamo anche perch\u00e9 lo stiamo raccogliendo e come verr\u00e0 utilizzato.<\/span><\/p>\n<p><span style=\"color: #444444;\">Conserviamo le informazioni raccolte solo per il tempo necessario a fornire il servizio richiesto. Quando archiviamo i dati, li proteggiamo con mezzi commercialmente accettabili per prevenire perdite e furti, nonch\u00e9 accesso, divulgazione, copia, utilizzo o modifica non autorizzati.<\/span><\/p>\n<p><span style=\"color: #444444;\">Non condividiamo informazioni di identificazione personale pubblicamente o con terze parti tranne quando richiesto dalla legge.<\/span><\/p>\n<p><span style=\"color: #444444;\">Il nostro sito Web potrebbe contenere collegamenti a siti Web esterni che non sono gestiti da noi. Tieni presente che non abbiamo alcun controllo sul contenuto e sulle pratiche di questi siti e non possiamo assumerci alcuna responsabilit\u00e0 per i rispettivi\u00a0<\/span><a style=\"background-color: transparent; color: #444444;\" href=\"https:\/\/politicaprivacidade.com\/\" target=\"_blank\" rel=\"noopener noreferrer\">politiche sulla privacy<\/a><span style=\"color: #444444;\">.<\/span><\/p>\n<p><span style=\"color: #444444;\">Sei libero di rifiutare la nostra richiesta di informazioni personali, con la consapevolezza che potremmo non essere in grado di fornirti alcuni dei servizi desiderati.<\/span><\/p>\n<p><span style=\"color: #444444;\">L&#039;uso continuato del nostro sito Web sar\u00e0 considerato accettazione delle nostre pratiche in materia di privacy e informazioni personali. Se hai domande su come gestiamo i dati degli utenti e le informazioni personali, ti preghiamo di contattarci.<\/span><\/p>\n<p>\u00a0<\/p>\n<h3><span style=\"color: #444444;\">Impegno dell&#039;utente<\/span><\/h3>\n<p><span style=\"color: #444444;\">L&#039;utente si impegna a fare un uso appropriato dei contenuti e delle informazioni che Arte Reciclada offre sul sito e con carattere enunciativo ma non limitativo:<\/span><\/p>\n<ul>\n<li><span style=\"color: #444444;\">A) Non svolgere attivit\u00e0 illegali o contrarie alla buona fede e all&#039;ordine pubblico;<\/span><\/li>\n<li><span style=\"color: #444444;\">B) Non diffondere propaganda o contenuti di carattere razzista, xenofobo, <\/span><span style=\"color: #212529;\"><a style=\"color: inherit !important; text-decoration: none !important; font-size: inherit !important;\" href=\"https:\/\/betnacionalbrasil.br.com\" target=\"_blank\" rel=\"noopener\">Scommessa nazionale<\/a><\/span><span style=\"color: #444444;\"> o sfortuna, qualsiasi tipo di pornografia illegale, a sostegno del terrorismo o contro i diritti umani;<\/span><\/li>\n<li><span style=\"color: #444444;\">C) Non causare danni ai sistemi fisici (hardware) e logici (software) di Arte Reciclada, dei suoi fornitori o di terzi, per introdurre o diffondere virus informatici o qualsiasi altro sistema hardware o software in grado di causare i suddetti danni.<\/span><\/li>\n<\/ul>\n<h3><span style=\"color: #444444;\">Maggiori informazioni<\/span><\/h3>\n<p><span style=\"color: #444444;\">Speriamo che sia chiaro e, come accennato in precedenza, se c&#039;\u00e8 qualcosa di cui non sei sicuro che ti serva o meno, di solito \u00e8 pi\u00f9 sicuro lasciare i cookie abilitati nel caso in cui interagisca con una delle funzionalit\u00e0 che utilizzi sul nostro sito.<\/span><\/p>\n<p><span style=\"color: #444444;\">Questa politica \u00e8 in vigore dal 16 dicembre 2023 12:21<\/span><\/p>","protected":false},"excerpt":{"rendered":"","protected":false},"author":2,"featured_media":2338,"parent":0,"menu_order":0,"comment_status":"closed","ping_status":"closed","template":"","meta":{"footnotes":""},"class_list":["post-2052","page","type-page","status-publish","has-post-thumbnail","hentry"],"blocksy_meta":[],"_links":{"self":[{"href":"https:\/\/apple-time.com\/it\/wp-json\/wp\/v2\/pages\/2052","targetHints":{"allow":["GET"]}}],"collection":[{"href":"https:\/\/apple-time.com\/it\/wp-json\/wp\/v2\/pages"}],"about":[{"href":"https:\/\/apple-time.com\/it\/wp-json\/wp\/v2\/types\/page"}],"author":[{"embeddable":true,"href":"https:\/\/apple-time.com\/it\/wp-json\/wp\/v2\/users\/2"}],"replies":[{"embeddable":true,"href":"https:\/\/apple-time.com\/it\/wp-json\/wp\/v2\/comments?post=2052"}],"version-history":[{"count":2,"href":"https:\/\/apple-time.com\/it\/wp-json\/wp\/v2\/pages\/2052\/revisions"}],"predecessor-version":[{"id":2347,"href":"https:\/\/apple-time.com\/it\/wp-json\/wp\/v2\/pages\/2052\/revisions\/2347"}],"wp:featuredmedia":[{"embeddable":true,"href":"https:\/\/apple-time.com\/it\/wp-json\/wp\/v2\/media\/2338"}],"wp:attachment":[{"href":"https:\/\/apple-time.com\/it\/wp-json\/wp\/v2\/media?parent=2052"}],"curies":[{"name":"wp","href":"https:\/\/api.w.org\/{rel}","templated":true}]}}