{"id":2359,"date":"2024-08-09T16:04:47","date_gmt":"2024-08-09T19:04:47","guid":{"rendered":"https:\/\/apple-time.com\/?page_id=2359"},"modified":"2024-08-09T16:04:48","modified_gmt":"2024-08-09T19:04:48","slug":"termos-de-uso","status":"publish","type":"page","link":"https:\/\/apple-time.com\/it\/termos-de-uso\/","title":{"rendered":"Termini di utilizzo"},"content":{"rendered":"<p><strong>Ultimo aggiornamento: 9 agosto 2024<\/strong><\/p>\n\n\n\n<p>Le presenti Condizioni d&#039;Uso regolano l&#039;accesso e l&#039;utilizzo del sito web <strong>Arterecicada.com.br<\/strong> e i servizi offerti.<\/p>\n\n\n\n<h3 class=\"wp-block-heading\">Impegno dell&#039;utente<\/h3>\n\n\n\n<p>Accedendo e utilizzando il nostro sito web, l&#039;utente accetta di:<\/p>\n\n\n\n<ul class=\"wp-block-list\">\n<li><strong>IL)<\/strong> Utilizzare i contenuti e le informazioni disponibili in modo appropriato e nel rispetto della legislazione vigente, della buona fede e dell&#039;ordine pubblico;<\/li>\n\n\n\n<li><strong>B)<\/strong> Astenersi dal partecipare ad attivit\u00e0 illegali, tra cui, ma non solo, diffondere contenuti o propaganda di natura razzista e xenofoba, gioco d&#039;azzardo, pornografia illegale, apologia del terrorismo o qualsiasi atto che violi i diritti umani;<\/li>\n\n\n\n<li><strong>W)<\/strong> Non causare danni ai sistemi fisici (hardware) e logici (software) del <strong>Arte riciclata<\/strong>, dei suoi fornitori o di terzi, evitando l&#039;introduzione e la diffusione di virus o qualsiasi altro sistema che possa danneggiare il funzionamento del sito web.<\/li>\n<\/ul>\n\n\n\n<h3 class=\"wp-block-heading\">Disclaimer<\/h3>\n\n\n\n<p>Il nostro sito web pu\u00f2 contenere collegamenti a siti web di terzi. Non abbiamo alcun controllo sul contenuto o sulle pratiche di tali siti e non ne siamo responsabili.<\/p>\n\n\n\n<h3 class=\"wp-block-heading\">Modifiche alle Condizioni d&#039;uso<\/h3>\n\n\n\n<p>Ci riserviamo il diritto di modificare le presenti Condizioni d&#039;Uso in qualsiasi momento. Ti informeremo di eventuali modifiche e l&#039;uso continuato del sito dopo tali modifiche sar\u00e0 considerato accettazione dei nuovi termini.<\/p>\n\n\n\n<p>In caso di domande sulle presenti Condizioni d&#039;uso, contattarci all&#039;indirizzo <a>contato@artereciclada.com.br<\/a>.<\/p>","protected":false},"excerpt":{"rendered":"<p>\u00daltima atualiza\u00e7\u00e3o: 9 de agosto de 2024 Estes Termos de Uso regulam o acesso e a utiliza\u00e7\u00e3o do site Artereciclada.com.br e dos servi\u00e7os oferecidos. Compromisso do Usu\u00e1rio Ao acessar e utilizar nosso site, voc\u00ea concorda em: Isen\u00e7\u00e3o de Responsabilidade Nosso site pode conter links para sites de terceiros. N\u00e3o temos controle sobre o conte\u00fado ou [&hellip;]<\/p>\n","protected":false},"author":185,"featured_media":2348,"parent":0,"menu_order":0,"comment_status":"closed","ping_status":"closed","template":"","meta":{"footnotes":""},"class_list":["post-2359","page","type-page","status-publish","has-post-thumbnail","hentry"],"blocksy_meta":[],"_links":{"self":[{"href":"https:\/\/apple-time.com\/it\/wp-json\/wp\/v2\/pages\/2359","targetHints":{"allow":["GET"]}}],"collection":[{"href":"https:\/\/apple-time.com\/it\/wp-json\/wp\/v2\/pages"}],"about":[{"href":"https:\/\/apple-time.com\/it\/wp-json\/wp\/v2\/types\/page"}],"author":[{"embeddable":true,"href":"https:\/\/apple-time.com\/it\/wp-json\/wp\/v2\/users\/185"}],"replies":[{"embeddable":true,"href":"https:\/\/apple-time.com\/it\/wp-json\/wp\/v2\/comments?post=2359"}],"version-history":[{"count":1,"href":"https:\/\/apple-time.com\/it\/wp-json\/wp\/v2\/pages\/2359\/revisions"}],"predecessor-version":[{"id":2360,"href":"https:\/\/apple-time.com\/it\/wp-json\/wp\/v2\/pages\/2359\/revisions\/2360"}],"wp:featuredmedia":[{"embeddable":true,"href":"https:\/\/apple-time.com\/it\/wp-json\/wp\/v2\/media\/2348"}],"wp:attachment":[{"href":"https:\/\/apple-time.com\/it\/wp-json\/wp\/v2\/media?parent=2359"}],"curies":[{"name":"wp","href":"https:\/\/api.w.org\/{rel}","templated":true}]}}