{"id":2326,"date":"2024-08-09T15:12:52","date_gmt":"2024-08-09T18:12:52","guid":{"rendered":"https:\/\/apple-time.com\/?page_id=2326"},"modified":"2024-08-09T15:12:53","modified_gmt":"2024-08-09T18:12:53","slug":"contato","status":"publish","type":"page","link":"https:\/\/apple-time.com\/sv\/contato\/","title":{"rendered":"Kontakta"},"content":{"rendered":"<p><strong>Kontakta oss<\/strong><\/p>\n<p>Vi \u00e4r h\u00e4r f\u00f6r att lyssna p\u00e5 dig! Om du har fr\u00e5gor, f\u00f6rslag eller vill dela med dig av dina id\u00e9er om konst och \u00e5tervinning, kontakta oss g\u00e4rna. Ditt bidrag \u00e4r avg\u00f6rande f\u00f6r tillv\u00e4xten av v\u00e5rt samh\u00e4lle.<\/p>\n<h2>Kontaktmedel<\/h2>\n<ul>\n<li><strong>E-post:<\/strong><br \/>Skicka dina meddelanden till:<br \/><a rel=\"noreferrer\">contato@artereciclada.com.br<\/a><\/li>\n<\/ul>","protected":false},"excerpt":{"rendered":"","protected":false},"author":185,"featured_media":2338,"parent":0,"menu_order":0,"comment_status":"closed","ping_status":"closed","template":"","meta":{"footnotes":""},"class_list":["post-2326","page","type-page","status-publish","has-post-thumbnail","hentry"],"blocksy_meta":[],"_links":{"self":[{"href":"https:\/\/apple-time.com\/sv\/wp-json\/wp\/v2\/pages\/2326","targetHints":{"allow":["GET"]}}],"collection":[{"href":"https:\/\/apple-time.com\/sv\/wp-json\/wp\/v2\/pages"}],"about":[{"href":"https:\/\/apple-time.com\/sv\/wp-json\/wp\/v2\/types\/page"}],"author":[{"embeddable":true,"href":"https:\/\/apple-time.com\/sv\/wp-json\/wp\/v2\/users\/185"}],"replies":[{"embeddable":true,"href":"https:\/\/apple-time.com\/sv\/wp-json\/wp\/v2\/comments?post=2326"}],"version-history":[{"count":1,"href":"https:\/\/apple-time.com\/sv\/wp-json\/wp\/v2\/pages\/2326\/revisions"}],"predecessor-version":[{"id":2340,"href":"https:\/\/apple-time.com\/sv\/wp-json\/wp\/v2\/pages\/2326\/revisions\/2340"}],"wp:featuredmedia":[{"embeddable":true,"href":"https:\/\/apple-time.com\/sv\/wp-json\/wp\/v2\/media\/2338"}],"wp:attachment":[{"href":"https:\/\/apple-time.com\/sv\/wp-json\/wp\/v2\/media?parent=2326"}],"curies":[{"name":"wp","href":"https:\/\/api.w.org\/{rel}","templated":true}]}}