{"id":2359,"date":"2024-08-09T16:04:47","date_gmt":"2024-08-09T19:04:47","guid":{"rendered":"https:\/\/apple-time.com\/?page_id=2359"},"modified":"2024-08-09T16:04:48","modified_gmt":"2024-08-09T19:04:48","slug":"termos-de-uso","status":"publish","type":"page","link":"https:\/\/apple-time.com\/sv\/termos-de-uso\/","title":{"rendered":"Anv\u00e4ndarvillkor"},"content":{"rendered":"<p><strong>Senast uppdaterad: 9 augusti 2024<\/strong><\/p>\n\n\n\n<p>Dessa anv\u00e4ndarvillkor reglerar \u00e5tkomst till och anv\u00e4ndning av webbplatsen <strong>Arterecicada.com.br<\/strong> och de tj\u00e4nster som erbjuds.<\/p>\n\n\n\n<h3 class=\"wp-block-heading\">Anv\u00e4ndarens engagemang<\/h3>\n\n\n\n<p>Genom att g\u00e5 in och anv\u00e4nda v\u00e5r webbplats samtycker du till:<\/p>\n\n\n\n<ul class=\"wp-block-list\">\n<li><strong>DE)<\/strong> Anv\u00e4nd tillg\u00e4ngligt inneh\u00e5ll och information p\u00e5 l\u00e4mpligt s\u00e4tt och i enlighet med g\u00e4llande lagstiftning, god tro och allm\u00e4n ordning;<\/li>\n\n\n\n<li><strong>B)<\/strong> Avst\u00e5 fr\u00e5n att delta i illegala aktiviteter, inklusive, men inte begr\u00e4nsat till, spridning av inneh\u00e5ll eller propaganda av rasistisk, fr\u00e4mlingsfientlig natur, hasardspel, olaglig pornografi, tolerera terrorism eller n\u00e5gon handling som kr\u00e4nker m\u00e4nskliga r\u00e4ttigheter;<\/li>\n\n\n\n<li><strong>W)<\/strong> F\u00f6rorsak inte skada p\u00e5 de fysiska (h\u00e5rdvaran) och logiska (mjukvaran) systemen <strong>\u00c5tervunnen konst<\/strong>, dess leverant\u00f6rer eller tredje part, undvika introduktion och spridning av virus eller n\u00e5got annat system som kan skada webbplatsens funktion.<\/li>\n<\/ul>\n\n\n\n<h3 class=\"wp-block-heading\">Ansvarsfriskrivning<\/h3>\n\n\n\n<p>V\u00e5r webbplats kan inneh\u00e5lla l\u00e4nkar till tredje parts webbplatser. Vi har ingen kontroll \u00f6ver inneh\u00e5llet eller praxis p\u00e5 dessa webbplatser och \u00e4r inte ansvariga f\u00f6r dem.<\/p>\n\n\n\n<h3 class=\"wp-block-heading\">\u00c4ndringar av anv\u00e4ndarvillkoren<\/h3>\n\n\n\n<p>Vi f\u00f6rbeh\u00e5ller oss r\u00e4tten att n\u00e4r som helst \u00e4ndra dessa anv\u00e4ndarvillkor. Vi kommer att meddela dig om eventuella \u00e4ndringar, och din fortsatta anv\u00e4ndning av webbplatsen efter s\u00e5dana \u00e4ndringar kommer att anses acceptera de nya villkoren.<\/p>\n\n\n\n<p>Om du har fr\u00e5gor om dessa anv\u00e4ndarvillkor, v\u00e4nligen kontakta oss p\u00e5 <a>contato@artereciclada.com.br<\/a>.<\/p>","protected":false},"excerpt":{"rendered":"<p>\u00daltima atualiza\u00e7\u00e3o: 9 de agosto de 2024 Estes Termos de Uso regulam o acesso e a utiliza\u00e7\u00e3o do site Artereciclada.com.br e dos servi\u00e7os oferecidos. Compromisso do Usu\u00e1rio Ao acessar e utilizar nosso site, voc\u00ea concorda em: Isen\u00e7\u00e3o de Responsabilidade Nosso site pode conter links para sites de terceiros. N\u00e3o temos controle sobre o conte\u00fado ou [&hellip;]<\/p>\n","protected":false},"author":185,"featured_media":2348,"parent":0,"menu_order":0,"comment_status":"closed","ping_status":"closed","template":"","meta":{"footnotes":""},"class_list":["post-2359","page","type-page","status-publish","has-post-thumbnail","hentry"],"blocksy_meta":[],"_links":{"self":[{"href":"https:\/\/apple-time.com\/sv\/wp-json\/wp\/v2\/pages\/2359","targetHints":{"allow":["GET"]}}],"collection":[{"href":"https:\/\/apple-time.com\/sv\/wp-json\/wp\/v2\/pages"}],"about":[{"href":"https:\/\/apple-time.com\/sv\/wp-json\/wp\/v2\/types\/page"}],"author":[{"embeddable":true,"href":"https:\/\/apple-time.com\/sv\/wp-json\/wp\/v2\/users\/185"}],"replies":[{"embeddable":true,"href":"https:\/\/apple-time.com\/sv\/wp-json\/wp\/v2\/comments?post=2359"}],"version-history":[{"count":1,"href":"https:\/\/apple-time.com\/sv\/wp-json\/wp\/v2\/pages\/2359\/revisions"}],"predecessor-version":[{"id":2360,"href":"https:\/\/apple-time.com\/sv\/wp-json\/wp\/v2\/pages\/2359\/revisions\/2360"}],"wp:featuredmedia":[{"embeddable":true,"href":"https:\/\/apple-time.com\/sv\/wp-json\/wp\/v2\/media\/2348"}],"wp:attachment":[{"href":"https:\/\/apple-time.com\/sv\/wp-json\/wp\/v2\/media?parent=2359"}],"curies":[{"name":"wp","href":"https:\/\/api.w.org\/{rel}","templated":true}]}}